{"id":693,"date":"2012-05-16T18:03:47","date_gmt":"2012-05-16T18:03:47","guid":{"rendered":"http:\/\/www.fcpe95.com\/?page_id=2"},"modified":"2012-05-16T18:03:47","modified_gmt":"2012-05-16T18:03:47","slug":"mentions-legales","status":"publish","type":"page","link":"https:\/\/vaureal.fcpe95.com\/?page_id=693","title":{"rendered":"Mentions l\u00e9gales"},"content":{"rendered":"<h5>Url du site:\u00a0http:\/\/www.fcpe95.com<span style=\"font-size: 13px\">\u00a0<\/span><\/h5>\n<h5><span style=\"font-size: 13px\">Propri\u00e9taire du site : FCPE 95 <\/span><\/h5>\n<h5><span style=\"font-size: 13px\">Statut du propri\u00e9taire du site : Association Loi 1901 reconnue d&rsquo;utilit\u00e9 publique <\/span><\/h5>\n<h5><span style=\"font-size: 13px\">Num\u00e9ro siret : 785 854 142 00037\u00a0<\/span><\/h5>\n<h5><span style=\"font-size: 13px\">Adresse postale \u00a0: 5 Place des Linandes 95000 Cergy<\/span><\/h5>\n<h5>T\u00e9l\u00e9phone : 01 30 32 67 67<\/h5>\n<h5><span style=\"font-size: 13px\">Nom du responsable de publication : Didier ARLOT<\/span><\/h5>\n<h5><span style=\"font-size: 13px\">Contact du responsable de publication : didier.arlot@fcpe95.com, fcpe95@fcpe95.com<\/span><\/h5>\n<h5><span style=\"font-size: 13px\">H\u00e9bergeur du site : http:\/\/phpnet.org\/ <\/span><\/h5>\n<h5><span style=\"font-size: 13px\">Adresse postale de l&rsquo;h\u00e9bergeur :\u00a0 rue des Pins 38000 GRENOBLE <\/span><\/h5>\n<h5><span style=\"font-size: 13px\">Direction de projet, direction artistique : Olivier Vilaspasa. <\/span><\/h5>\n<h5><span style=\"font-size: 13px\">Int\u00e9gration HTML, webdesign et d\u00e9veloppement : Dominique Radisson.<\/span><\/h5>\n<h5><\/h5>\n","protected":false},"excerpt":{"rendered":"<p>Url du site:\u00a0http:\/\/www.fcpe95.com\u00a0 Propri\u00e9taire du site : FCPE 95 Statut du propri\u00e9taire du site : Association Loi 1901 reconnue d&rsquo;utilit\u00e9 publique Num\u00e9ro siret : 785 854 142 00037\u00a0 Adresse postale \u00a0: 5 Place des Linandes 95000 Cergy T\u00e9l\u00e9phone : 01 &hellip; <a href=\"https:\/\/vaureal.fcpe95.com\/?page_id=693\">Continuer la lecture <span class=\"meta-nav\">&rarr;<\/span><\/a><\/p>\n","protected":false},"author":1001046,"featured_media":0,"parent":0,"menu_order":100,"comment_status":"closed","ping_status":"closed","template":"","meta":{"footnotes":""},"class_list":["post-693","page","type-page","status-publish","hentry"],"aioseo_notices":[],"_links":{"self":[{"href":"https:\/\/vaureal.fcpe95.com\/index.php?rest_route=\/wp\/v2\/pages\/693","targetHints":{"allow":["GET"]}}],"collection":[{"href":"https:\/\/vaureal.fcpe95.com\/index.php?rest_route=\/wp\/v2\/pages"}],"about":[{"href":"https:\/\/vaureal.fcpe95.com\/index.php?rest_route=\/wp\/v2\/types\/page"}],"author":[{"embeddable":true,"href":"https:\/\/vaureal.fcpe95.com\/index.php?rest_route=\/wp\/v2\/users\/1001046"}],"replies":[{"embeddable":true,"href":"https:\/\/vaureal.fcpe95.com\/index.php?rest_route=%2Fwp%2Fv2%2Fcomments&post=693"}],"version-history":[{"count":0,"href":"https:\/\/vaureal.fcpe95.com\/index.php?rest_route=\/wp\/v2\/pages\/693\/revisions"}],"wp:attachment":[{"href":"https:\/\/vaureal.fcpe95.com\/index.php?rest_route=%2Fwp%2Fv2%2Fmedia&parent=693"}],"curies":[{"name":"wp","href":"https:\/\/api.w.org\/{rel}","templated":true}]}}